{"id":3,"date":"2020-10-14T15:47:16","date_gmt":"2020-10-14T15:47:16","guid":{"rendered":"https:\/\/box2369\/cgi\/addon_GT.cgi?s=GT::WP::Install::EIG+%28mandolog%29+-+10.24.48.85+%5BWordPress%3b+\/var\/hp\/common\/lib\/WordPress.pm%3b+292%3b+Hosting::gap_call%5D\/?page_id=3"},"modified":"2023-05-31T16:04:34","modified_gmt":"2023-05-31T16:04:34","slug":"politicas-de-privacidad","status":"publish","type":"page","link":"https:\/\/mandolog.com\/en\/politicas-de-privacidad\/","title":{"rendered":"Politicas de Privacidad"},"content":{"rendered":"<div class=\"wpb-content-wrapper\"><section class=\"vc_row wpb_row vc_row-fluid vc_custom_1685048866838 row-contains-padding-top liquid-row-shadowbox-69ec965a116ce\"><div class=\"ld-container container\"><div class=\"row ld-row\"><div class=\"wpb_column vc_column_container vc_col-sm-12 liquid-column-69ec965a17189\"><div class=\"vc_column-inner\"><div class=\"wpb_wrapper\"   ><div class=\"wpb_wrapper-inner\">\n\t<div class=\"wpb_text_column wpb_content_element\" >\n\t\t<div class=\"wpb_wrapper\">\n\t\t\t<p>&nbsp;<\/p>\n<p>&nbsp;<\/p>\n<h2 class=\"wp-block-heading\">\u00bfQu\u00e9 datos personales recogemos y por qu\u00e9 los recogemos?<\/h2>\n<p>&nbsp;<\/p>\n<h3 class=\"wp-block-heading\">Comentarios<\/h3>\n<p>Cuando los visitantes dejan comentarios en el sitio, recogemos los datos que se muestran en el formulario de comentarios, y tambi\u00e9n la direcci\u00f3n IP del visitante y la cadena del agente de usuario del navegador para ayudar a la detecci\u00f3n de spam.<\/p>\n<p>Una cadena anonimizada creada a partir de su direcci\u00f3n de correo electr\u00f3nico (tambi\u00e9n llamada hash) puede ser proporcionada al servicio Gravatar para ver si lo est\u00e1 utilizando. La pol\u00edtica de privacidad del servicio Gravatar est\u00e1 disponible aqu\u00ed: https:\/\/automattic.com\/privacy\/. Despu\u00e9s de la aprobaci\u00f3n de su comentario, su foto de perfil es visible para el p\u00fablico en el contexto de su comentario.<\/p>\n<p>&nbsp;<\/p>\n<h3 class=\"wp-block-heading\">Media<\/h3>\n<p>Si subes im\u00e1genes al sitio web, debes evitar subir im\u00e1genes con datos de localizaci\u00f3n incrustados (EXIF GPS) incluidos. Los visitantes del sitio web pueden descargar y extraer cualquier dato de localizaci\u00f3n de las im\u00e1genes del sitio web.<\/p>\n<p>&nbsp;<\/p>\n<h3 class=\"wp-block-heading\">Formularios de contacto<\/h3>\n<p>Nuestro sitio web cuenta con un formulario de contacto que le permite comunicarse con nosotros de manera r\u00e1pida y sencilla. Apreciamos su inter\u00e9s en contactarnos y nos comprometemos a proteger su privacidad en todo momento.<br \/>La informaci\u00f3n que nos proporcione a trav\u00e9s de este formulario se utilizar\u00e1 \u00fanicamente para responder a su consulta o solicitud. Los datos recopilados incluyen su nombre, direcci\u00f3n de correo electr\u00f3nico, asunto de su consulta u otra informaci\u00f3n relevante que usted decida proporcionarnos.<br \/>Al completar y enviar el formulario de contacto, usted acepta que procesemos los datos proporcionados de acuerdo con nuestra pol\u00edtica de privacidad. Siempre respetaremos sus derechos en cuanto a la privacidad y la protecci\u00f3n de datos, y tomaremos todas las medidas razonables para garantizar que su informaci\u00f3n personal\u00a0est\u00e9\u00a0segura.<\/p>\n<p>&nbsp;<\/p>\n<h3 class=\"wp-block-heading\">Cookies<\/h3>\n<p>Si deja un comentario en nuestro sitio puede optar por guardar su nombre, direcci\u00f3n de correo electr\u00f3nico y sitio web en las cookies. Esto es para su comodidad, para que no tenga que volver a rellenar sus datos cuando deje otro comentario. Estas cookies durar\u00e1n un a\u00f1o.<\/p>\n<p>Si visita nuestra p\u00e1gina de inicio de sesi\u00f3n, estableceremos una cookie temporal para determinar si su navegador acepta cookies. Esta cookie no contiene datos personales y se descarta al cerrar el navegador.<\/p>\n<p>Cuando inicie sesi\u00f3n, tambi\u00e9n configuraremos varias cookies para guardar su informaci\u00f3n de inicio de sesi\u00f3n y las opciones de visualizaci\u00f3n de la pantalla. Las cookies de inicio de sesi\u00f3n duran dos d\u00edas, y las cookies de opciones de pantalla duran un a\u00f1o. Si seleccionas &#8220;Recordarme&#8221;, tu inicio de sesi\u00f3n persistir\u00e1 durante dos semanas. Si cierra la sesi\u00f3n de su cuenta, las cookies de inicio de sesi\u00f3n se eliminar\u00e1n.<\/p>\n<p>Si editas o publicas un art\u00edculo, se guardar\u00e1 una cookie adicional en tu navegador. Esta cookie no incluye ning\u00fan dato personal y simplemente indica el ID del art\u00edculo que acabas de editar. Caduca despu\u00e9s de 1 d\u00eda.<\/p>\n<p>&nbsp;<\/p>\n<h3 class=\"wp-block-heading\">Contenido incrustado de otros sitios web<\/h3>\n<p>Los art\u00edculos de este sitio pueden incluir contenido incrustado (por ejemplo, videos, im\u00e1genes, art\u00edculos, etc.). El contenido incrustado de otros sitios web se comporta exactamente de la misma manera que si el visitante hubiera visitado el otro sitio web.<\/p>\n<p>Estos sitios web pueden recopilar datos sobre usted, utilizar cookies, incorporar un seguimiento adicional de terceros y supervisar su interacci\u00f3n con ese contenido incorporado, incluido el seguimiento de su interacci\u00f3n con el contenido incorporado si tiene una cuenta y ha iniciado sesi\u00f3n en ese sitio web.<\/p>\n<p>&nbsp;<\/p>\n<h3 class=\"wp-block-heading\">Anal\u00edtica<\/h3>\n<p>En nuestro sitio web, utilizamos herramientas de anal\u00edtica para recopilar informaci\u00f3n y obtener estad\u00edsticas sobre c\u00f3mo los usuarios interact\u00faan con nuestro contenido. Estas herramientas nos permiten comprender mejor el comportamiento de nuestros visitantes y realizar mejoras en nuestra plataforma.<br \/>Los datos recopilados a trav\u00e9s de la anal\u00edtica pueden incluir informaci\u00f3n como la direcci\u00f3n IP del usuario, el tipo de dispositivo utilizado, el navegador web utilizado, las p\u00e1ginas visitadas, el tiempo de permanencia en el sitio y las acciones realizadas dentro del sitio. Sin embargo, estos datos se recopilan de forma an\u00f3nima y no se utilizan para identificar personalmente a ning\u00fan individuo.<br \/>Nuestro compromiso con la privacidad y la protecci\u00f3n de datos es fundamental. Tomamos todas las medidas razonables para salvaguardar la informaci\u00f3n recopilada a trav\u00e9s de la anal\u00edtica y garantizar su confidencialidad.<\/p>\n<p>&nbsp;<\/p>\n<h3 class=\"wp-block-heading\">\u00bfCon qui\u00e9n compartimos sus datos?<\/h3>\n<p>MANDO est\u00e1 altamente comprometido para cumplir con el compromiso de mantener su informaci\u00f3n segura y no compartir los datos obtenidos de manera externa. Usamos los sistemas m\u00e1s avanzados y los actualizamos constantemente para asegurarnos que no exista ning\u00fan acceso no autorizado. Esta compa\u00f1\u00eda no vender\u00e1, ceder\u00e1 ni distribuir\u00e1 la informaci\u00f3n personal que es recopilada sin su consentimiento.<\/p>\n<p>Los datos obtenidos al llenado de formulario o comentarios son utilizados de manera interna dentro de la empresa para recoger informaci\u00f3n de potenciales clientes y contactarlos para ofrecer nuestros servicios\u00a0log\u00edsticos.<\/p>\n<h3 class=\"wp-block-heading\">\u00bfEl tiempo que retenemos sus datos?<\/h3>\n<p>Si deja un comentario, el comentario y sus metadatos se conservan indefinidamente. Esto es as\u00ed para que podamos reconocer y aprobar cualquier comentario de seguimiento autom\u00e1ticamente en lugar de mantenerlo en una cola de moderaci\u00f3n.<\/p>\n<p>En el caso de los usuarios que se registran en nuestro sitio web (si los hay), tambi\u00e9n almacenamos la informaci\u00f3n personal que proporcionan en su perfil de usuario. Todos los usuarios pueden ver, editar o eliminar su informaci\u00f3n personal en cualquier momento (excepto que no pueden cambiar su nombre de usuario). Los administradores del sitio web tambi\u00e9n pueden ver y editar esa informaci\u00f3n.<\/p>\n<p>&nbsp;<\/p>\n<h3 class=\"wp-block-heading\">\u00bfQu\u00e9 derechos tiene sobre sus datos?<\/h3>\n<p>Si tiene una cuenta en este sitio, o ha dejado comentarios, puede solicitar que se le env\u00ede un archivo exportado de los datos personales que tenemos sobre usted, incluyendo cualquier dato que nos haya proporcionado. Tambi\u00e9n puede solicitar que borremos cualquier dato personal que tengamos sobre usted. Esto no incluye ning\u00fan dato que estemos obligados a conservar por motivos administrativos, legales o de seguridad.<\/p>\n<p>&nbsp;<\/p>\n<h3 class=\"wp-block-heading\">\u00bfD\u00f3nde enviamos sus datos?<\/h3>\n<p>Los comentarios de los visitantes pueden comprobarse a trav\u00e9s de un servicio automatizado de detecci\u00f3n de spam.<\/p>\n<p>&nbsp;<\/p>\n\n\t\t<\/div>\n\t<\/div>\n<\/div><\/div><\/div><\/div><\/div><\/div><\/section><\/div>","protected":false},"excerpt":{"rendered":"&nbsp; &nbsp; \u00bfQu\u00e9 datos personales recogemos y por qu\u00e9 los recogemos? &nbsp; Comentarios Cuando los...","protected":false},"author":1,"featured_media":0,"parent":0,"menu_order":0,"comment_status":"closed","ping_status":"closed","template":"","meta":{"nf_dc_page":"","om_disable_all_campaigns":false,"_monsterinsights_skip_tracking":false,"_monsterinsights_sitenote_active":false,"_monsterinsights_sitenote_note":"","_monsterinsights_sitenote_category":0,"footnotes":""},"class_list":["post-3","page","type-page","status-publish","hentry"],"jetpack_sharing_enabled":true,"_links":{"self":[{"href":"https:\/\/mandolog.com\/en\/wp-json\/wp\/v2\/pages\/3","targetHints":{"allow":["GET"]}}],"collection":[{"href":"https:\/\/mandolog.com\/en\/wp-json\/wp\/v2\/pages"}],"about":[{"href":"https:\/\/mandolog.com\/en\/wp-json\/wp\/v2\/types\/page"}],"author":[{"embeddable":true,"href":"https:\/\/mandolog.com\/en\/wp-json\/wp\/v2\/users\/1"}],"replies":[{"embeddable":true,"href":"https:\/\/mandolog.com\/en\/wp-json\/wp\/v2\/comments?post=3"}],"version-history":[{"count":5,"href":"https:\/\/mandolog.com\/en\/wp-json\/wp\/v2\/pages\/3\/revisions"}],"predecessor-version":[{"id":5139,"href":"https:\/\/mandolog.com\/en\/wp-json\/wp\/v2\/pages\/3\/revisions\/5139"}],"wp:attachment":[{"href":"https:\/\/mandolog.com\/en\/wp-json\/wp\/v2\/media?parent=3"}],"curies":[{"name":"wp","href":"https:\/\/api.w.org\/{rel}","templated":true}]}}