{"id":4445,"date":"2020-11-11T19:57:54","date_gmt":"2020-11-11T19:57:54","guid":{"rendered":"https:\/\/mandolog.com\/?page_id=4445"},"modified":"2025-08-17T18:44:34","modified_gmt":"2025-08-17T18:44:34","slug":"conocenos","status":"publish","type":"page","link":"https:\/\/mandolog.com\/en\/conocenos\/","title":{"rendered":"Know Us"},"content":{"rendered":"<div class=\"wpb-content-wrapper\"><section class=\"vc_row wpb_row vc_row-fluid liquid-row-shadowbox-69ecaad72165d\"><div class=\"ld-container container\"><div class=\"row ld-row\"><style>@media (min-width: 768px) { .liquid-column-responsive-69ecaad721e02 > .vc_column-inner > .wpb_wrapper {padding-top:35px !important;  }  } @media (min-width: 992px) { .liquid-column-responsive-69ecaad721e02 > .vc_column-inner > .wpb_wrapper {padding-top:0px !important;  }  } @media (min-width: 1200px) { .liquid-column-responsive-69ecaad721e02 > .vc_column-inner > .wpb_wrapper {padding-top:0px !important;  }  } <\/style><div class=\"wpb_column vc_column_container vc_col-sm-12 liquid-column-69ecaad721dfe liquid-column-responsive-69ecaad721e02\"><div class=\"vc_column-inner\"><div class=\"wpb_wrapper vc_custom_1605289973068\"   ><div class=\"wpb_wrapper-inner\"><style>.ld_spacer_69ecaad722054{height:320px;}@media (min-width: 768px) { .ld_spacer_69ecaad722054{height:220px};}@media (min-width: 992px) { .ld_spacer_69ecaad722054{height:270px};}@media (min-width: 1200px) { .ld_spacer_69ecaad722054{height:320px};}<\/style>\n<div class=\"ld-empty-space vc_hidden-sm hide-movil ld_spacer_69ecaad722054\"><span class=\"liquid_empty_space_inner\"><\/span><\/div>\n\t<div class=\"wpb_text_column wpb_content_element\" >\n\t\t<div class=\"wpb_wrapper\">\n\t\t\t<p style=\"font-size: 54.67px; text-align: center; color: #666666; line-height: 62px;\"><strong>Our Story<\/strong><\/p>\n\n\t\t<\/div>\n\t<\/div>\n<div class=\"vc_empty_space\"   style=\"height: 50px\"><span class=\"vc_empty_space_inner\"><\/span><\/div><\/div><\/div><\/div><\/div><\/div><\/div><\/section><section class=\"vc_row wpb_row vc_row-fluid liquid-row-shadowbox-69ecaad723050 vc_column-gap-0\"><div class=\"ld-container container-fluid\"><div class=\"row ld-row\"><div class=\"wpb_column vc_column_container vc_col-sm-12 liquid-column-69ecaad72344c\"><div class=\"vc_column-inner\"><div class=\"wpb_wrapper\"   ><div class=\"wpb_wrapper-inner\">\r\n\t<div  class=\"wpb_single_image wpb_content_element vc_align_center  liquid_vc_single_image-69ecaad7318f9\">\r\n\t\t\r\n\t\t<figure class=\"wpb_wrapper vc_figure\">\r\n\t\t\t<div class=\"vc_single_image-wrapper   vc_box_border_grey\"><img decoding=\"async\" width=\"2560\" height=\"1295\" src=\"data:image\/svg+xml;charset=utf-8,&lt;svg xmlns%3D&#039;http%3A%2F%2Fwww.w3.org%2F2000%2Fsvg&#039; viewBox%3D&#039;0 0 2560 1295&#039;%2F&gt;\" class=\"vc_single_image-img attachment-full ld-lazyload\" alt=\"Mando historia\" title=\"Nuestra historia parte 1-01\" srcset=\"\" sizes=\"(max-width: 780px) 100vw, 780px\" data-src=\"https:\/\/mandolog.com\/wp-content\/uploads\/2025\/08\/Nuestra-historia-parte-1-01-scaled.png\" data-srcset=\"https:\/\/i0.wp.com\/mandolog.com\/wp-content\/uploads\/2025\/08\/Nuestra-historia-parte-1-01-scaled.png?w=2560&amp;ssl=1 2560w, https:\/\/i0.wp.com\/mandolog.com\/wp-content\/uploads\/2025\/08\/Nuestra-historia-parte-1-01-scaled.png?resize=300%2C152&amp;ssl=1 300w, https:\/\/i0.wp.com\/mandolog.com\/wp-content\/uploads\/2025\/08\/Nuestra-historia-parte-1-01-scaled.png?resize=1024%2C518&amp;ssl=1 1024w, https:\/\/i0.wp.com\/mandolog.com\/wp-content\/uploads\/2025\/08\/Nuestra-historia-parte-1-01-scaled.png?resize=18%2C9&amp;ssl=1 18w, https:\/\/i0.wp.com\/mandolog.com\/wp-content\/uploads\/2025\/08\/Nuestra-historia-parte-1-01-scaled.png?w=1560&amp;ssl=1 1560w, https:\/\/i0.wp.com\/mandolog.com\/wp-content\/uploads\/2025\/08\/Nuestra-historia-parte-1-01-scaled.png?w=2340&amp;ssl=1 2340w\" data-aspect=\"1.976833976834\" \/><\/div>\r\n\t\t<\/figure>\r\n\t<\/div>\r\n<\/div><\/div><\/div><\/div><\/div><\/div><\/section><div class=\"vc_row-full-width vc_clearfix\"><\/div><section class=\"vc_row wpb_row vc_row-fluid liquid-row-shadowbox-69ecaad731faf\"><div class=\"ld-container container\"><div class=\"row ld-row\"><div class=\"wpb_column vc_column_container vc_col-sm-12 liquid-column-69ecaad732405\"><div class=\"vc_column-inner\"><div class=\"wpb_wrapper\"   ><div class=\"wpb_wrapper-inner\"><div class=\"vc_empty_space\"   style=\"height: 50px\"><span class=\"vc_empty_space_inner\"><\/span><\/div><style>@media (min-width: 768px) { .liquid-row-responsive-69ecaad73298f {padding-right:3% !important; padding-left:3% !important;  }  } @media (min-width: 992px) { .liquid-row-responsive-69ecaad73298f {padding-right:3% !important; padding-left:3% !important;  }  } @media (min-width: 1200px) { .liquid-row-responsive-69ecaad73298f {padding-right:3% !important; padding-left:3% !important;  }  }  <\/style><div class=\"vc_row wpb_row vc_inner vc_row-fluid vc_custom_1605127155472 liquid-row-responsive-69ecaad73298f liquid-row-shadowbox-69ecaad7329c4\"><div class=\"wpb_column vc_column_container vc_col-sm-6 liquid-column-69ecaad732e7e\"><div class=\"vc_column-inner\"><div class=\"wpb_wrapper\"  ><div class=\"wpb_wrapper-inner\">\n\t<div class=\"wpb_text_column wpb_content_element\" >\n\t\t<div class=\"wpb_wrapper\">\n\t\t\t<p class=\"titulares\"><strong>Lo que empez\u00f3<\/strong><br \/>\n<strong>peque\u00f1o, creci\u00f3<\/strong><br \/>\n<strong>contigo<\/strong><strong>\u2026<\/strong><\/p>\n\n\t\t<\/div>\n\t<\/div>\n<\/div><\/div><\/div><\/div><div class=\"wpb_column vc_column_container vc_col-sm-6 liquid-column-69ecaad733415\"><div class=\"vc_column-inner\"><div class=\"wpb_wrapper\"  ><div class=\"wpb_wrapper-inner\">\n\t<div class=\"wpb_text_column wpb_content_element\" >\n\t\t<div class=\"wpb_wrapper\">\n\t\t\t<p data-start=\"219\" data-end=\"532\">Nacimos en 2013 como ByM Logistics Group SAC, ofreciendo soluciones de almacenamiento para quienes buscaban un aliado confiable. Con el tiempo, nos consolidamos como agentes de carga internacional con el objetivo de brindar a nuestros clientes el mejor servicio para su log\u00edstica nacional e internacional.<\/p>\n\n\t\t<\/div>\n\t<\/div>\n<\/div><\/div><\/div><\/div><\/div><div class=\"vc_empty_space\"   style=\"height: 100px\"><span class=\"vc_empty_space_inner\"><\/span><\/div><\/div><\/div><\/div><\/div><\/div><\/div><\/section><section class=\"vc_row wpb_row vc_row-fluid liquid-row-shadowbox-69ecaad733a56\"><div class=\"ld-container container\"><div class=\"row ld-row\"><div class=\"wpb_column vc_column_container vc_col-sm-12 liquid-column-69ecaad733d47\"><div class=\"vc_column-inner\"><div class=\"wpb_wrapper\"   ><div class=\"wpb_wrapper-inner\"><style>@media (min-width: 768px) { .liquid-row-responsive-69ecaad7340c8 {padding-right:3% !important; padding-left:3% !important;  }  } @media (min-width: 992px) { .liquid-row-responsive-69ecaad7340c8 {padding-right:3% !important; padding-left:3% !important;  }  } @media (min-width: 1200px) { .liquid-row-responsive-69ecaad7340c8 {padding-right:3% !important; padding-left:3% !important;  }  }  <\/style><div class=\"vc_row wpb_row vc_inner vc_row-fluid vc_custom_1605127155472 liquid-row-responsive-69ecaad7340c8 liquid-row-shadowbox-69ecaad7340fe\"><div class=\"wpb_column vc_column_container vc_col-sm-6 liquid-column-69ecaad7343ac\"><div class=\"vc_column-inner\"><div class=\"wpb_wrapper\"  ><div class=\"wpb_wrapper-inner\">\n\t<div class=\"wpb_text_column wpb_content_element\" >\n\t\t<div class=\"wpb_wrapper\">\n\t\t\t<p class=\"titulares\"><strong>Nuestra log\u00edstica<br \/>\ncombina tecnolog\u00eda,<br \/>\ncercan\u00eda y soluciones<br \/>\na tu medida&#8230;<br \/>\n<\/strong><\/p>\n\n\t\t<\/div>\n\t<\/div>\n<\/div><\/div><\/div><\/div><div class=\"wpb_column vc_column_container vc_col-sm-6 liquid-column-69ecaad73483d\"><div class=\"vc_column-inner\"><div class=\"wpb_wrapper\"  ><div class=\"wpb_wrapper-inner\">\n\t<div class=\"wpb_text_column wpb_content_element\" >\n\t\t<div class=\"wpb_wrapper\">\n\t\t\t<p style=\"text-align: justify; color: #666666; font-size: 16px;\"><span style=\"font-size: 16px;\">Con un equipo comprometido en hacer tu operaci\u00f3n m\u00e1s sencilla, en <span style=\"color: #ed1651;\"><strong>MANDO<\/strong><\/span> trabajamos con un prop\u00f3sito simple pero poderoso: simplificar tu log\u00edstica a trav\u00e9s de una relaci\u00f3n de confianza y largo plazo.<\/span><\/p>\n\n\t\t<\/div>\n\t<\/div>\n<\/div><\/div><\/div><\/div><\/div><div class=\"vc_empty_space\"   style=\"height: 32px\"><span class=\"vc_empty_space_inner\"><\/span><\/div><\/div><\/div><\/div><\/div><\/div><\/div><\/section><section class=\"vc_row wpb_row vc_row-fluid liquid-row-shadowbox-69ecaad734e70\"><div class=\"ld-container container\"><div class=\"row ld-row\"><div class=\"wpb_column vc_column_container vc_col-sm-12 liquid-column-69ecaad7351f2\"><div class=\"vc_column-inner\"><div class=\"wpb_wrapper\"   ><div class=\"wpb_wrapper-inner\"><style>.ld_carousel_69ecaad73546a .carousel-item{width:100%;padding-left:15px;padding-right:15px;}.ld_carousel_69ecaad73546a .carousel-items.row{margin-left:-15px;margin-right:-15px;}.ld_carousel_69ecaad73546a .flickity-page-dots{top:auto;right:auto;bottom:-25px;left:auto;}@media (min-width: 768px) {.ld_carousel_69ecaad73546a .carousel-item { width:100% }}@media (min-width: 992px) {.ld_carousel_69ecaad73546a .carousel-item { width:100% }}@media (min-width: 1200px) {.ld_carousel_69ecaad73546a .carousel-item { width:100% }}<\/style><div id=\"ld_carousel_69ecaad73546a\" class=\"carousel-container carousel-nav-left carousel-nav-md carousel-dots-style1 ld_carousel_69ecaad73546a\">\n\n\t<div class=\"carousel-items row\"  data-lqd-flickity='{\"cellAlign\":\"center\",\"prevNextButtons\":false,\"buttonsAppendTo\":\"self\",\"pageDots\":false,\"groupCells\":true,\"wrapAround\":true,\"autoPlay\":true,\"pauseAutoPlayOnHover\":false}' >\n\t<div class=\"carousel-item\">\r\n\t<div  class=\"wpb_single_image wpb_content_element vc_align_left  liquid_vc_single_image-69ecaad743a3b\">\r\n\t\t\r\n\t\t<figure class=\"wpb_wrapper vc_figure\">\r\n\t\t\t<div class=\"vc_single_image-wrapper   vc_box_border_grey\"><img decoding=\"async\" width=\"2560\" height=\"1440\" src=\"data:image\/svg+xml;charset=utf-8,&lt;svg xmlns%3D&#039;http%3A%2F%2Fwww.w3.org%2F2000%2Fsvg&#039; viewBox%3D&#039;0 0 2560 1440&#039;%2F&gt;\" class=\"vc_single_image-img attachment-full ld-lazyload\" alt=\"visi\u00f3n\" title=\"VIDEO PROPUESTA DE VALOR INTIMIDAD CON EL CLIENTE\" srcset=\"\" sizes=\"(max-width: 780px) 100vw, 780px\" data-src=\"https:\/\/mandolog.com\/wp-content\/uploads\/2025\/08\/VIDEO-PROPUESTA-DE-VALOR-INTIMIDAD-CON-EL-CLIENTE-scaled.png\" data-srcset=\"https:\/\/i0.wp.com\/mandolog.com\/wp-content\/uploads\/2025\/08\/VIDEO-PROPUESTA-DE-VALOR-INTIMIDAD-CON-EL-CLIENTE-scaled.png?w=2560&amp;ssl=1 2560w, https:\/\/i0.wp.com\/mandolog.com\/wp-content\/uploads\/2025\/08\/VIDEO-PROPUESTA-DE-VALOR-INTIMIDAD-CON-EL-CLIENTE-scaled.png?resize=300%2C169&amp;ssl=1 300w, https:\/\/i0.wp.com\/mandolog.com\/wp-content\/uploads\/2025\/08\/VIDEO-PROPUESTA-DE-VALOR-INTIMIDAD-CON-EL-CLIENTE-scaled.png?resize=1024%2C576&amp;ssl=1 1024w, https:\/\/i0.wp.com\/mandolog.com\/wp-content\/uploads\/2025\/08\/VIDEO-PROPUESTA-DE-VALOR-INTIMIDAD-CON-EL-CLIENTE-scaled.png?resize=18%2C10&amp;ssl=1 18w, https:\/\/i0.wp.com\/mandolog.com\/wp-content\/uploads\/2025\/08\/VIDEO-PROPUESTA-DE-VALOR-INTIMIDAD-CON-EL-CLIENTE-scaled.png?w=1560&amp;ssl=1 1560w, https:\/\/i0.wp.com\/mandolog.com\/wp-content\/uploads\/2025\/08\/VIDEO-PROPUESTA-DE-VALOR-INTIMIDAD-CON-EL-CLIENTE-scaled.png?w=2340&amp;ssl=1 2340w\" data-aspect=\"1.7777777777778\" \/><\/div>\r\n\t\t<\/figure>\r\n\t<\/div>\r\n<\/div>\n<div class=\"carousel-item\">\r\n\t<div  class=\"wpb_single_image wpb_content_element vc_align_left  liquid_vc_single_image-69ecaad751a6f\">\r\n\t\t\r\n\t\t<figure class=\"wpb_wrapper vc_figure\">\r\n\t\t\t<div class=\"vc_single_image-wrapper   vc_box_border_grey\"><img decoding=\"async\" width=\"2560\" height=\"1440\" src=\"data:image\/svg+xml;charset=utf-8,&lt;svg xmlns%3D&#039;http%3A%2F%2Fwww.w3.org%2F2000%2Fsvg&#039; viewBox%3D&#039;0 0 2560 1440&#039;%2F&gt;\" class=\"vc_single_image-img attachment-full ld-lazyload\" alt=\"misi\u00f3n\" title=\"VIDEO PROPUESTA DE VALOR INTIMIDAD CON EL CLIENTE (1)\" srcset=\"\" sizes=\"(max-width: 780px) 100vw, 780px\" data-src=\"https:\/\/mandolog.com\/wp-content\/uploads\/2025\/08\/VIDEO-PROPUESTA-DE-VALOR-INTIMIDAD-CON-EL-CLIENTE-1-scaled.png\" data-srcset=\"https:\/\/i0.wp.com\/mandolog.com\/wp-content\/uploads\/2025\/08\/VIDEO-PROPUESTA-DE-VALOR-INTIMIDAD-CON-EL-CLIENTE-1-scaled.png?w=2560&amp;ssl=1 2560w, https:\/\/i0.wp.com\/mandolog.com\/wp-content\/uploads\/2025\/08\/VIDEO-PROPUESTA-DE-VALOR-INTIMIDAD-CON-EL-CLIENTE-1-scaled.png?resize=300%2C169&amp;ssl=1 300w, https:\/\/i0.wp.com\/mandolog.com\/wp-content\/uploads\/2025\/08\/VIDEO-PROPUESTA-DE-VALOR-INTIMIDAD-CON-EL-CLIENTE-1-scaled.png?resize=1024%2C576&amp;ssl=1 1024w, https:\/\/i0.wp.com\/mandolog.com\/wp-content\/uploads\/2025\/08\/VIDEO-PROPUESTA-DE-VALOR-INTIMIDAD-CON-EL-CLIENTE-1-scaled.png?resize=18%2C10&amp;ssl=1 18w, https:\/\/i0.wp.com\/mandolog.com\/wp-content\/uploads\/2025\/08\/VIDEO-PROPUESTA-DE-VALOR-INTIMIDAD-CON-EL-CLIENTE-1-scaled.png?w=1560&amp;ssl=1 1560w, https:\/\/i0.wp.com\/mandolog.com\/wp-content\/uploads\/2025\/08\/VIDEO-PROPUESTA-DE-VALOR-INTIMIDAD-CON-EL-CLIENTE-1-scaled.png?w=2340&amp;ssl=1 2340w\" data-aspect=\"1.7777777777778\" \/><\/div>\r\n\t\t<\/figure>\r\n\t<\/div>\r\n<\/div>\n\t<\/div>\n\n<\/div><div class=\"vc_empty_space\"   style=\"height: 32px\"><span class=\"vc_empty_space_inner\"><\/span><\/div><\/div><\/div><\/div><\/div><\/div><\/div><\/section><section class=\"vc_row wpb_row vc_row-fluid liquid-row-shadowbox-69ecaad751f6c\"><div class=\"ld-container container\"><div class=\"row ld-row\"><style>@media (min-width: 768px) { .liquid-column-responsive-69ecaad752e82 > .vc_column-inner > .wpb_wrapper {padding-top:50px !important;  }  } @media (min-width: 992px) { .liquid-column-responsive-69ecaad752e82 > .vc_column-inner > .wpb_wrapper {padding-top:0px !important;  }  } @media (min-width: 1200px) { .liquid-column-responsive-69ecaad752e82 > .vc_column-inner > .wpb_wrapper {padding-top:0px !important;  }  } <\/style><div class=\"wpb_column vc_column_container vc_col-sm-12 liquid-column-69ecaad752e7e liquid-column-responsive-69ecaad752e82\"><div class=\"vc_column-inner\"><div class=\"wpb_wrapper vc_custom_1605289986278\"   ><div class=\"wpb_wrapper-inner\">\n\t<div class=\"wpb_text_column wpb_content_element\" >\n\t\t<div class=\"wpb_wrapper\">\n\t\t\t<p class=\"frase\"><strong>&#8221; Para nosotros, cada cliente es \u00fanico.<br \/>\nEscuchamos, entendemos y dise\u00f1amos<br \/>\nsoluciones que acompa\u00f1en de verdad<br \/>\n<\/strong><strong> su crecimiento.&#8221;<\/strong><\/p>\n\n\t\t<\/div>\n\t<\/div>\n<\/div><\/div><\/div><\/div><\/div><\/div><\/section>\n<\/div>","protected":false},"excerpt":{"rendered":"Nuestra Historia Lo que empez\u00f3 peque\u00f1o, creci\u00f3 contigo\u2026 Nacimos en 2013 como ByM Logistics Group...","protected":false},"author":1,"featured_media":0,"parent":0,"menu_order":0,"comment_status":"closed","ping_status":"closed","template":"","meta":{"nf_dc_page":"","om_disable_all_campaigns":false,"_monsterinsights_skip_tracking":false,"_monsterinsights_sitenote_active":false,"_monsterinsights_sitenote_note":"","_monsterinsights_sitenote_category":0,"footnotes":""},"class_list":["post-4445","page","type-page","status-publish","hentry"],"jetpack_sharing_enabled":true,"_links":{"self":[{"href":"https:\/\/mandolog.com\/en\/wp-json\/wp\/v2\/pages\/4445","targetHints":{"allow":["GET"]}}],"collection":[{"href":"https:\/\/mandolog.com\/en\/wp-json\/wp\/v2\/pages"}],"about":[{"href":"https:\/\/mandolog.com\/en\/wp-json\/wp\/v2\/types\/page"}],"author":[{"embeddable":true,"href":"https:\/\/mandolog.com\/en\/wp-json\/wp\/v2\/users\/1"}],"replies":[{"embeddable":true,"href":"https:\/\/mandolog.com\/en\/wp-json\/wp\/v2\/comments?post=4445"}],"version-history":[{"count":7,"href":"https:\/\/mandolog.com\/en\/wp-json\/wp\/v2\/pages\/4445\/revisions"}],"predecessor-version":[{"id":5324,"href":"https:\/\/mandolog.com\/en\/wp-json\/wp\/v2\/pages\/4445\/revisions\/5324"}],"wp:attachment":[{"href":"https:\/\/mandolog.com\/en\/wp-json\/wp\/v2\/media?parent=4445"}],"curies":[{"name":"wp","href":"https:\/\/api.w.org\/{rel}","templated":true}]}}